{"id":14,"date":"2024-03-10T13:26:44","date_gmt":"2024-03-10T13:26:44","guid":{"rendered":"http:\/\/mtskovservice.dk\/?page_id=14"},"modified":"2024-03-10T14:31:23","modified_gmt":"2024-03-10T14:31:23","slug":"flishugning","status":"publish","type":"page","link":"https:\/\/mtskovservice.dk\/?page_id=14","title":{"rendered":"Flishugning"},"content":{"rendered":"<div class=\"fusion-fullwidth fullwidth-box fusion-builder-row-1 nonhundred-percent-fullwidth non-hundred-percent-height-scrolling\"  style='background-color: rgba(255,255,255,0);background-position: center center;background-repeat: no-repeat;padding-top:0px;padding-right:0px;padding-bottom:0px;padding-left:0px;'><div class=\"fusion-builder-row fusion-row \"><div  class=\"fusion-layout-column fusion_builder_column fusion_builder_column_1_1 fusion-builder-column-0 fusion-one-full fusion-column-first fusion-column-last 1_1\"  style='margin-top:0px;margin-bottom:0px;'><div class=\"fusion-column-wrapper\" style=\"padding: 0px 0px 0px 0px;background-position:left top;background-repeat:no-repeat;-webkit-background-size:cover;-moz-background-size:cover;-o-background-size:cover;background-size:cover;\"   data-bg-url=\"\"><div class=\"fusion-text\"><h2>Flishugning b\u00e5de i terr\u00e6n og fra stak<\/h2>\n<p>Vi tilbyder flishugning med forskellige maskiner\u00a0\u2013 b\u00e5de i terr\u00e6n og af stakke ved k\u00f8refast mark eller vej.<br \/>\nDe opgaver vi typisk p\u00e5tager os er hugning af tr\u00e6 fra udtynding, rydning af naturarealer, afdrift, gamle juletr\u00e6skulturer, l\u00e6hegn og stakke.<\/p>\n<\/div><style type=\"text\/css\">.fusion-gallery-1 .fusion-gallery-image {border:0px solid #e2e2e2;}<\/style><div class=\"fusion-gallery fusion-gallery-container fusion-grid-6 fusion-columns-total-0 fusion-gallery-layout-grid fusion-gallery-1\" style=\"margin:-5px;\"><div style=\"padding:5px;\" class=\"fusion-grid-column fusion-gallery-column fusion-gallery-column-6 hover-type-none\"><div class=\"fusion-gallery-image\"><a href=\"https:\/\/mtskovservice.dk\/wp-content\/uploads\/2024\/03\/IMG_2162-scaled.jpg\" rel=\"noreferrer\" data-rel=\"iLightbox[gallery_image_1]\" class=\"fusion-lightbox\" target=\"_self\"><img loading=\"lazy\" decoding=\"async\" src=\"https:\/\/mtskovservice.dk\/wp-content\/uploads\/2024\/03\/IMG_2162-scaled.jpg\" width=\"2560\" height=\"1920\" alt=\"\" title=\"IMG_2162\" aria-label=\"IMG_2162\" class=\"img-responsive wp-image-71\" srcset=\"https:\/\/mtskovservice.dk\/wp-content\/uploads\/2024\/03\/IMG_2162-200x150.jpg 200w, https:\/\/mtskovservice.dk\/wp-content\/uploads\/2024\/03\/IMG_2162-400x300.jpg 400w, https:\/\/mtskovservice.dk\/wp-content\/uploads\/2024\/03\/IMG_2162-600x450.jpg 600w, https:\/\/mtskovservice.dk\/wp-content\/uploads\/2024\/03\/IMG_2162-800x600.jpg 800w, https:\/\/mtskovservice.dk\/wp-content\/uploads\/2024\/03\/IMG_2162-1200x900.jpg 1200w, https:\/\/mtskovservice.dk\/wp-content\/uploads\/2024\/03\/IMG_2162-scaled.jpg 2560w\" sizes=\"auto, (min-width: 2200px) 100vw, (min-width: 1000px) 196px, (min-width: 928px) 235px, (min-width: 856px) 294px, (min-width: 784px) 392px, (min-width: 712px) 588px, (min-width: 640px) 712px, \" \/><\/a><\/div><\/div><div style=\"padding:5px;\" class=\"fusion-grid-column fusion-gallery-column fusion-gallery-column-6 hover-type-none\"><div class=\"fusion-gallery-image\"><a href=\"https:\/\/mtskovservice.dk\/wp-content\/uploads\/2024\/03\/IMG_2164-scaled.jpg\" rel=\"noreferrer\" data-rel=\"iLightbox[gallery_image_1]\" class=\"fusion-lightbox\" target=\"_self\"><img loading=\"lazy\" decoding=\"async\" src=\"https:\/\/mtskovservice.dk\/wp-content\/uploads\/2024\/03\/IMG_2164-scaled.jpg\" width=\"2560\" height=\"1920\" alt=\"\" title=\"IMG_2164\" aria-label=\"IMG_2164\" class=\"img-responsive wp-image-72\" srcset=\"https:\/\/mtskovservice.dk\/wp-content\/uploads\/2024\/03\/IMG_2164-200x150.jpg 200w, https:\/\/mtskovservice.dk\/wp-content\/uploads\/2024\/03\/IMG_2164-400x300.jpg 400w, https:\/\/mtskovservice.dk\/wp-content\/uploads\/2024\/03\/IMG_2164-600x450.jpg 600w, https:\/\/mtskovservice.dk\/wp-content\/uploads\/2024\/03\/IMG_2164-800x600.jpg 800w, https:\/\/mtskovservice.dk\/wp-content\/uploads\/2024\/03\/IMG_2164-1200x900.jpg 1200w, https:\/\/mtskovservice.dk\/wp-content\/uploads\/2024\/03\/IMG_2164-scaled.jpg 2560w\" sizes=\"auto, (min-width: 2200px) 100vw, (min-width: 1000px) 196px, (min-width: 928px) 235px, (min-width: 856px) 294px, (min-width: 784px) 392px, (min-width: 712px) 588px, (min-width: 640px) 712px, \" \/><\/a><\/div><\/div><div style=\"padding:5px;\" class=\"fusion-grid-column fusion-gallery-column fusion-gallery-column-6 hover-type-none\"><div class=\"fusion-gallery-image\"><a href=\"https:\/\/mtskovservice.dk\/wp-content\/uploads\/2024\/03\/IMG_2166-scaled.jpg\" rel=\"noreferrer\" data-rel=\"iLightbox[gallery_image_1]\" class=\"fusion-lightbox\" target=\"_self\"><img loading=\"lazy\" decoding=\"async\" src=\"https:\/\/mtskovservice.dk\/wp-content\/uploads\/2024\/03\/IMG_2166-scaled.jpg\" width=\"2560\" height=\"1920\" alt=\"\" title=\"IMG_2166\" aria-label=\"IMG_2166\" class=\"img-responsive wp-image-73\" srcset=\"https:\/\/mtskovservice.dk\/wp-content\/uploads\/2024\/03\/IMG_2166-200x150.jpg 200w, https:\/\/mtskovservice.dk\/wp-content\/uploads\/2024\/03\/IMG_2166-400x300.jpg 400w, https:\/\/mtskovservice.dk\/wp-content\/uploads\/2024\/03\/IMG_2166-600x450.jpg 600w, https:\/\/mtskovservice.dk\/wp-content\/uploads\/2024\/03\/IMG_2166-800x600.jpg 800w, https:\/\/mtskovservice.dk\/wp-content\/uploads\/2024\/03\/IMG_2166-1200x900.jpg 1200w, https:\/\/mtskovservice.dk\/wp-content\/uploads\/2024\/03\/IMG_2166-scaled.jpg 2560w\" sizes=\"auto, (min-width: 2200px) 100vw, (min-width: 1000px) 196px, (min-width: 928px) 235px, (min-width: 856px) 294px, (min-width: 784px) 392px, (min-width: 712px) 588px, (min-width: 640px) 712px, \" \/><\/a><\/div><\/div><div style=\"padding:5px;\" class=\"fusion-grid-column fusion-gallery-column fusion-gallery-column-6 hover-type-none\"><div class=\"fusion-gallery-image\"><a href=\"https:\/\/mtskovservice.dk\/wp-content\/uploads\/2024\/03\/IMG_2778-scaled.jpg\" rel=\"noreferrer\" data-rel=\"iLightbox[gallery_image_1]\" class=\"fusion-lightbox\" target=\"_self\"><img loading=\"lazy\" decoding=\"async\" src=\"https:\/\/mtskovservice.dk\/wp-content\/uploads\/2024\/03\/IMG_2778-scaled.jpg\" width=\"2560\" height=\"1920\" alt=\"\" title=\"IMG_2778\" aria-label=\"IMG_2778\" class=\"img-responsive wp-image-74\" srcset=\"https:\/\/mtskovservice.dk\/wp-content\/uploads\/2024\/03\/IMG_2778-200x150.jpg 200w, https:\/\/mtskovservice.dk\/wp-content\/uploads\/2024\/03\/IMG_2778-400x300.jpg 400w, https:\/\/mtskovservice.dk\/wp-content\/uploads\/2024\/03\/IMG_2778-600x450.jpg 600w, https:\/\/mtskovservice.dk\/wp-content\/uploads\/2024\/03\/IMG_2778-800x600.jpg 800w, https:\/\/mtskovservice.dk\/wp-content\/uploads\/2024\/03\/IMG_2778-1200x900.jpg 1200w, https:\/\/mtskovservice.dk\/wp-content\/uploads\/2024\/03\/IMG_2778-scaled.jpg 2560w\" sizes=\"auto, (min-width: 2200px) 100vw, (min-width: 1000px) 196px, (min-width: 928px) 235px, (min-width: 856px) 294px, (min-width: 784px) 392px, (min-width: 712px) 588px, (min-width: 640px) 712px, \" \/><\/a><\/div><\/div><div style=\"padding:5px;\" class=\"fusion-grid-column fusion-gallery-column fusion-gallery-column-6 hover-type-none\"><div class=\"fusion-gallery-image\"><a href=\"https:\/\/mtskovservice.dk\/wp-content\/uploads\/2024\/03\/IMG_2783-scaled.jpg\" rel=\"noreferrer\" data-rel=\"iLightbox[gallery_image_1]\" class=\"fusion-lightbox\" target=\"_self\"><img loading=\"lazy\" decoding=\"async\" src=\"https:\/\/mtskovservice.dk\/wp-content\/uploads\/2024\/03\/IMG_2783-scaled.jpg\" width=\"2560\" height=\"1920\" alt=\"\" title=\"IMG_2783\" aria-label=\"IMG_2783\" class=\"img-responsive wp-image-75\" srcset=\"https:\/\/mtskovservice.dk\/wp-content\/uploads\/2024\/03\/IMG_2783-200x150.jpg 200w, https:\/\/mtskovservice.dk\/wp-content\/uploads\/2024\/03\/IMG_2783-400x300.jpg 400w, https:\/\/mtskovservice.dk\/wp-content\/uploads\/2024\/03\/IMG_2783-600x450.jpg 600w, https:\/\/mtskovservice.dk\/wp-content\/uploads\/2024\/03\/IMG_2783-800x600.jpg 800w, https:\/\/mtskovservice.dk\/wp-content\/uploads\/2024\/03\/IMG_2783-1200x900.jpg 1200w, https:\/\/mtskovservice.dk\/wp-content\/uploads\/2024\/03\/IMG_2783-scaled.jpg 2560w\" sizes=\"auto, (min-width: 2200px) 100vw, (min-width: 1000px) 196px, (min-width: 928px) 235px, (min-width: 856px) 294px, (min-width: 784px) 392px, (min-width: 712px) 588px, (min-width: 640px) 712px, \" \/><\/a><\/div><\/div><div style=\"padding:5px;\" class=\"fusion-grid-column fusion-gallery-column fusion-gallery-column-6 hover-type-none\"><div class=\"fusion-gallery-image\"><a href=\"https:\/\/mtskovservice.dk\/wp-content\/uploads\/2024\/03\/IMG_2787-scaled.jpg\" rel=\"noreferrer\" data-rel=\"iLightbox[gallery_image_1]\" class=\"fusion-lightbox\" target=\"_self\"><img loading=\"lazy\" decoding=\"async\" src=\"https:\/\/mtskovservice.dk\/wp-content\/uploads\/2024\/03\/IMG_2787-scaled.jpg\" width=\"2560\" height=\"1920\" alt=\"\" title=\"IMG_2787\" aria-label=\"IMG_2787\" class=\"img-responsive wp-image-76\" srcset=\"https:\/\/mtskovservice.dk\/wp-content\/uploads\/2024\/03\/IMG_2787-200x150.jpg 200w, https:\/\/mtskovservice.dk\/wp-content\/uploads\/2024\/03\/IMG_2787-400x300.jpg 400w, https:\/\/mtskovservice.dk\/wp-content\/uploads\/2024\/03\/IMG_2787-600x450.jpg 600w, https:\/\/mtskovservice.dk\/wp-content\/uploads\/2024\/03\/IMG_2787-800x600.jpg 800w, https:\/\/mtskovservice.dk\/wp-content\/uploads\/2024\/03\/IMG_2787-1200x900.jpg 1200w, https:\/\/mtskovservice.dk\/wp-content\/uploads\/2024\/03\/IMG_2787-scaled.jpg 2560w\" sizes=\"auto, (min-width: 2200px) 100vw, (min-width: 1000px) 196px, (min-width: 928px) 235px, (min-width: 856px) 294px, (min-width: 784px) 392px, (min-width: 712px) 588px, (min-width: 640px) 712px, \" \/><\/a><\/div><\/div><div class=\"clearfix\"><\/div><div style=\"padding:5px;\" class=\"fusion-grid-column fusion-gallery-column fusion-gallery-column-6 hover-type-none\"><div class=\"fusion-gallery-image\"><a href=\"https:\/\/mtskovservice.dk\/wp-content\/uploads\/2024\/03\/IMG_2790-scaled.jpg\" rel=\"noreferrer\" data-rel=\"iLightbox[gallery_image_1]\" class=\"fusion-lightbox\" target=\"_self\"><img loading=\"lazy\" decoding=\"async\" src=\"https:\/\/mtskovservice.dk\/wp-content\/uploads\/2024\/03\/IMG_2790-scaled.jpg\" width=\"2560\" height=\"1920\" alt=\"\" title=\"IMG_2790\" aria-label=\"IMG_2790\" class=\"img-responsive wp-image-77\" srcset=\"https:\/\/mtskovservice.dk\/wp-content\/uploads\/2024\/03\/IMG_2790-200x150.jpg 200w, https:\/\/mtskovservice.dk\/wp-content\/uploads\/2024\/03\/IMG_2790-400x300.jpg 400w, https:\/\/mtskovservice.dk\/wp-content\/uploads\/2024\/03\/IMG_2790-600x450.jpg 600w, https:\/\/mtskovservice.dk\/wp-content\/uploads\/2024\/03\/IMG_2790-800x600.jpg 800w, https:\/\/mtskovservice.dk\/wp-content\/uploads\/2024\/03\/IMG_2790-1200x900.jpg 1200w, https:\/\/mtskovservice.dk\/wp-content\/uploads\/2024\/03\/IMG_2790-scaled.jpg 2560w\" sizes=\"auto, (min-width: 2200px) 100vw, (min-width: 1000px) 196px, (min-width: 928px) 235px, (min-width: 856px) 294px, (min-width: 784px) 392px, (min-width: 712px) 588px, (min-width: 640px) 712px, \" \/><\/a><\/div><\/div><div style=\"padding:5px;\" class=\"fusion-grid-column fusion-gallery-column fusion-gallery-column-6 hover-type-none\"><div class=\"fusion-gallery-image\"><a href=\"https:\/\/mtskovservice.dk\/wp-content\/uploads\/2024\/03\/IMG_3307-scaled.jpg\" rel=\"noreferrer\" data-rel=\"iLightbox[gallery_image_1]\" class=\"fusion-lightbox\" target=\"_self\"><img loading=\"lazy\" decoding=\"async\" src=\"https:\/\/mtskovservice.dk\/wp-content\/uploads\/2024\/03\/IMG_3307-scaled.jpg\" width=\"2560\" height=\"1920\" alt=\"\" title=\"IMG_3307\" aria-label=\"IMG_3307\" class=\"img-responsive wp-image-78\" srcset=\"https:\/\/mtskovservice.dk\/wp-content\/uploads\/2024\/03\/IMG_3307-200x150.jpg 200w, https:\/\/mtskovservice.dk\/wp-content\/uploads\/2024\/03\/IMG_3307-400x300.jpg 400w, https:\/\/mtskovservice.dk\/wp-content\/uploads\/2024\/03\/IMG_3307-600x450.jpg 600w, https:\/\/mtskovservice.dk\/wp-content\/uploads\/2024\/03\/IMG_3307-800x600.jpg 800w, https:\/\/mtskovservice.dk\/wp-content\/uploads\/2024\/03\/IMG_3307-1200x900.jpg 1200w, https:\/\/mtskovservice.dk\/wp-content\/uploads\/2024\/03\/IMG_3307-scaled.jpg 2560w\" sizes=\"auto, (min-width: 2200px) 100vw, (min-width: 1000px) 196px, (min-width: 928px) 235px, (min-width: 856px) 294px, (min-width: 784px) 392px, (min-width: 712px) 588px, (min-width: 640px) 712px, \" \/><\/a><\/div><\/div><div style=\"padding:5px;\" class=\"fusion-grid-column fusion-gallery-column fusion-gallery-column-6 hover-type-none\"><div class=\"fusion-gallery-image\"><a href=\"https:\/\/mtskovservice.dk\/wp-content\/uploads\/2024\/03\/IMG_3308-scaled.jpg\" rel=\"noreferrer\" data-rel=\"iLightbox[gallery_image_1]\" class=\"fusion-lightbox\" target=\"_self\"><img loading=\"lazy\" decoding=\"async\" src=\"https:\/\/mtskovservice.dk\/wp-content\/uploads\/2024\/03\/IMG_3308-scaled.jpg\" width=\"2560\" height=\"1920\" alt=\"\" title=\"IMG_3308\" aria-label=\"IMG_3308\" class=\"img-responsive wp-image-79\" srcset=\"https:\/\/mtskovservice.dk\/wp-content\/uploads\/2024\/03\/IMG_3308-200x150.jpg 200w, https:\/\/mtskovservice.dk\/wp-content\/uploads\/2024\/03\/IMG_3308-400x300.jpg 400w, https:\/\/mtskovservice.dk\/wp-content\/uploads\/2024\/03\/IMG_3308-600x450.jpg 600w, https:\/\/mtskovservice.dk\/wp-content\/uploads\/2024\/03\/IMG_3308-800x600.jpg 800w, https:\/\/mtskovservice.dk\/wp-content\/uploads\/2024\/03\/IMG_3308-1200x900.jpg 1200w, https:\/\/mtskovservice.dk\/wp-content\/uploads\/2024\/03\/IMG_3308-scaled.jpg 2560w\" sizes=\"auto, (min-width: 2200px) 100vw, (min-width: 1000px) 196px, (min-width: 928px) 235px, (min-width: 856px) 294px, (min-width: 784px) 392px, (min-width: 712px) 588px, (min-width: 640px) 712px, \" \/><\/a><\/div><\/div><div style=\"padding:5px;\" class=\"fusion-grid-column fusion-gallery-column fusion-gallery-column-6 hover-type-none\"><div class=\"fusion-gallery-image\"><a href=\"https:\/\/mtskovservice.dk\/wp-content\/uploads\/2024\/03\/IMG_3310-scaled.jpg\" rel=\"noreferrer\" data-rel=\"iLightbox[gallery_image_1]\" class=\"fusion-lightbox\" target=\"_self\"><img loading=\"lazy\" decoding=\"async\" src=\"https:\/\/mtskovservice.dk\/wp-content\/uploads\/2024\/03\/IMG_3310-scaled.jpg\" width=\"2560\" height=\"1920\" alt=\"\" title=\"IMG_3310\" aria-label=\"IMG_3310\" class=\"img-responsive wp-image-80\" srcset=\"https:\/\/mtskovservice.dk\/wp-content\/uploads\/2024\/03\/IMG_3310-200x150.jpg 200w, https:\/\/mtskovservice.dk\/wp-content\/uploads\/2024\/03\/IMG_3310-400x300.jpg 400w, https:\/\/mtskovservice.dk\/wp-content\/uploads\/2024\/03\/IMG_3310-600x450.jpg 600w, https:\/\/mtskovservice.dk\/wp-content\/uploads\/2024\/03\/IMG_3310-800x600.jpg 800w, https:\/\/mtskovservice.dk\/wp-content\/uploads\/2024\/03\/IMG_3310-1200x900.jpg 1200w, https:\/\/mtskovservice.dk\/wp-content\/uploads\/2024\/03\/IMG_3310-scaled.jpg 2560w\" sizes=\"auto, (min-width: 2200px) 100vw, (min-width: 1000px) 196px, (min-width: 928px) 235px, (min-width: 856px) 294px, (min-width: 784px) 392px, (min-width: 712px) 588px, (min-width: 640px) 712px, \" \/><\/a><\/div><\/div><div style=\"padding:5px;\" class=\"fusion-grid-column fusion-gallery-column fusion-gallery-column-6 hover-type-none\"><div class=\"fusion-gallery-image\"><a href=\"https:\/\/mtskovservice.dk\/wp-content\/uploads\/2024\/03\/IMG_3311-scaled.jpg\" rel=\"noreferrer\" data-rel=\"iLightbox[gallery_image_1]\" class=\"fusion-lightbox\" target=\"_self\"><img loading=\"lazy\" decoding=\"async\" src=\"https:\/\/mtskovservice.dk\/wp-content\/uploads\/2024\/03\/IMG_3311-scaled.jpg\" width=\"2560\" height=\"1920\" alt=\"\" title=\"IMG_3311\" aria-label=\"IMG_3311\" class=\"img-responsive wp-image-81\" srcset=\"https:\/\/mtskovservice.dk\/wp-content\/uploads\/2024\/03\/IMG_3311-200x150.jpg 200w, https:\/\/mtskovservice.dk\/wp-content\/uploads\/2024\/03\/IMG_3311-400x300.jpg 400w, https:\/\/mtskovservice.dk\/wp-content\/uploads\/2024\/03\/IMG_3311-600x450.jpg 600w, https:\/\/mtskovservice.dk\/wp-content\/uploads\/2024\/03\/IMG_3311-800x600.jpg 800w, https:\/\/mtskovservice.dk\/wp-content\/uploads\/2024\/03\/IMG_3311-1200x900.jpg 1200w, https:\/\/mtskovservice.dk\/wp-content\/uploads\/2024\/03\/IMG_3311-scaled.jpg 2560w\" sizes=\"auto, (min-width: 2200px) 100vw, (min-width: 1000px) 196px, (min-width: 928px) 235px, (min-width: 856px) 294px, (min-width: 784px) 392px, (min-width: 712px) 588px, (min-width: 640px) 712px, \" \/><\/a><\/div><\/div><div style=\"padding:5px;\" class=\"fusion-grid-column fusion-gallery-column fusion-gallery-column-6 hover-type-none\"><div class=\"fusion-gallery-image\"><a href=\"https:\/\/mtskovservice.dk\/wp-content\/uploads\/2024\/03\/IMG_3323-scaled.jpg\" rel=\"noreferrer\" data-rel=\"iLightbox[gallery_image_1]\" class=\"fusion-lightbox\" target=\"_self\"><img loading=\"lazy\" decoding=\"async\" src=\"https:\/\/mtskovservice.dk\/wp-content\/uploads\/2024\/03\/IMG_3323-scaled.jpg\" width=\"2560\" height=\"1920\" alt=\"\" title=\"IMG_3323\" aria-label=\"IMG_3323\" class=\"img-responsive wp-image-82\" srcset=\"https:\/\/mtskovservice.dk\/wp-content\/uploads\/2024\/03\/IMG_3323-200x150.jpg 200w, https:\/\/mtskovservice.dk\/wp-content\/uploads\/2024\/03\/IMG_3323-400x300.jpg 400w, https:\/\/mtskovservice.dk\/wp-content\/uploads\/2024\/03\/IMG_3323-600x450.jpg 600w, https:\/\/mtskovservice.dk\/wp-content\/uploads\/2024\/03\/IMG_3323-800x600.jpg 800w, https:\/\/mtskovservice.dk\/wp-content\/uploads\/2024\/03\/IMG_3323-1200x900.jpg 1200w, https:\/\/mtskovservice.dk\/wp-content\/uploads\/2024\/03\/IMG_3323-scaled.jpg 2560w\" sizes=\"auto, (min-width: 2200px) 100vw, (min-width: 1000px) 196px, (min-width: 928px) 235px, (min-width: 856px) 294px, (min-width: 784px) 392px, (min-width: 712px) 588px, (min-width: 640px) 712px, \" \/><\/a><\/div><\/div><div class=\"clearfix\"><\/div><div style=\"padding:5px;\" class=\"fusion-grid-column fusion-gallery-column fusion-gallery-column-6 hover-type-none\"><div class=\"fusion-gallery-image\"><a href=\"https:\/\/mtskovservice.dk\/wp-content\/uploads\/2024\/03\/IMG_3325-scaled.jpg\" rel=\"noreferrer\" data-rel=\"iLightbox[gallery_image_1]\" class=\"fusion-lightbox\" target=\"_self\"><img loading=\"lazy\" decoding=\"async\" src=\"https:\/\/mtskovservice.dk\/wp-content\/uploads\/2024\/03\/IMG_3325-scaled.jpg\" width=\"2560\" height=\"1920\" alt=\"\" title=\"IMG_3325\" aria-label=\"IMG_3325\" class=\"img-responsive wp-image-83\" srcset=\"https:\/\/mtskovservice.dk\/wp-content\/uploads\/2024\/03\/IMG_3325-200x150.jpg 200w, https:\/\/mtskovservice.dk\/wp-content\/uploads\/2024\/03\/IMG_3325-400x300.jpg 400w, https:\/\/mtskovservice.dk\/wp-content\/uploads\/2024\/03\/IMG_3325-600x450.jpg 600w, https:\/\/mtskovservice.dk\/wp-content\/uploads\/2024\/03\/IMG_3325-800x600.jpg 800w, https:\/\/mtskovservice.dk\/wp-content\/uploads\/2024\/03\/IMG_3325-1200x900.jpg 1200w, https:\/\/mtskovservice.dk\/wp-content\/uploads\/2024\/03\/IMG_3325-scaled.jpg 2560w\" sizes=\"auto, (min-width: 2200px) 100vw, (min-width: 1000px) 196px, (min-width: 928px) 235px, (min-width: 856px) 294px, (min-width: 784px) 392px, (min-width: 712px) 588px, (min-width: 640px) 712px, \" \/><\/a><\/div><\/div><div style=\"padding:5px;\" class=\"fusion-grid-column fusion-gallery-column fusion-gallery-column-6 hover-type-none\"><div class=\"fusion-gallery-image\"><a href=\"https:\/\/mtskovservice.dk\/wp-content\/uploads\/2024\/03\/IMG_3410-scaled.jpg\" rel=\"noreferrer\" data-rel=\"iLightbox[gallery_image_1]\" class=\"fusion-lightbox\" target=\"_self\"><img loading=\"lazy\" decoding=\"async\" src=\"https:\/\/mtskovservice.dk\/wp-content\/uploads\/2024\/03\/IMG_3410-scaled.jpg\" width=\"2560\" height=\"1920\" alt=\"\" title=\"IMG_3410\" aria-label=\"IMG_3410\" class=\"img-responsive wp-image-84\" srcset=\"https:\/\/mtskovservice.dk\/wp-content\/uploads\/2024\/03\/IMG_3410-200x150.jpg 200w, https:\/\/mtskovservice.dk\/wp-content\/uploads\/2024\/03\/IMG_3410-400x300.jpg 400w, https:\/\/mtskovservice.dk\/wp-content\/uploads\/2024\/03\/IMG_3410-600x450.jpg 600w, https:\/\/mtskovservice.dk\/wp-content\/uploads\/2024\/03\/IMG_3410-800x600.jpg 800w, https:\/\/mtskovservice.dk\/wp-content\/uploads\/2024\/03\/IMG_3410-1200x900.jpg 1200w, https:\/\/mtskovservice.dk\/wp-content\/uploads\/2024\/03\/IMG_3410-scaled.jpg 2560w\" sizes=\"auto, (min-width: 2200px) 100vw, (min-width: 1000px) 196px, (min-width: 928px) 235px, (min-width: 856px) 294px, (min-width: 784px) 392px, (min-width: 712px) 588px, (min-width: 640px) 712px, \" \/><\/a><\/div><\/div><div style=\"padding:5px;\" class=\"fusion-grid-column fusion-gallery-column fusion-gallery-column-6 hover-type-none\"><div class=\"fusion-gallery-image\"><a href=\"https:\/\/mtskovservice.dk\/wp-content\/uploads\/2024\/03\/IMG_3411-scaled.jpg\" rel=\"noreferrer\" data-rel=\"iLightbox[gallery_image_1]\" class=\"fusion-lightbox\" target=\"_self\"><img loading=\"lazy\" decoding=\"async\" src=\"https:\/\/mtskovservice.dk\/wp-content\/uploads\/2024\/03\/IMG_3411-scaled.jpg\" width=\"2560\" height=\"1920\" alt=\"\" title=\"IMG_3411\" aria-label=\"IMG_3411\" class=\"img-responsive wp-image-85\" srcset=\"https:\/\/mtskovservice.dk\/wp-content\/uploads\/2024\/03\/IMG_3411-200x150.jpg 200w, https:\/\/mtskovservice.dk\/wp-content\/uploads\/2024\/03\/IMG_3411-400x300.jpg 400w, https:\/\/mtskovservice.dk\/wp-content\/uploads\/2024\/03\/IMG_3411-600x450.jpg 600w, https:\/\/mtskovservice.dk\/wp-content\/uploads\/2024\/03\/IMG_3411-800x600.jpg 800w, https:\/\/mtskovservice.dk\/wp-content\/uploads\/2024\/03\/IMG_3411-1200x900.jpg 1200w, https:\/\/mtskovservice.dk\/wp-content\/uploads\/2024\/03\/IMG_3411-scaled.jpg 2560w\" sizes=\"auto, (min-width: 2200px) 100vw, (min-width: 1000px) 196px, (min-width: 928px) 235px, (min-width: 856px) 294px, (min-width: 784px) 392px, (min-width: 712px) 588px, (min-width: 640px) 712px, \" \/><\/a><\/div><\/div><div style=\"padding:5px;\" class=\"fusion-grid-column fusion-gallery-column fusion-gallery-column-6 hover-type-none\"><div class=\"fusion-gallery-image\"><a href=\"https:\/\/mtskovservice.dk\/wp-content\/uploads\/2024\/03\/IMG_3413-scaled.jpg\" rel=\"noreferrer\" data-rel=\"iLightbox[gallery_image_1]\" class=\"fusion-lightbox\" target=\"_self\"><img loading=\"lazy\" decoding=\"async\" src=\"https:\/\/mtskovservice.dk\/wp-content\/uploads\/2024\/03\/IMG_3413-scaled.jpg\" width=\"2560\" height=\"1920\" alt=\"\" title=\"IMG_3413\" aria-label=\"IMG_3413\" class=\"img-responsive wp-image-86\" srcset=\"https:\/\/mtskovservice.dk\/wp-content\/uploads\/2024\/03\/IMG_3413-200x150.jpg 200w, https:\/\/mtskovservice.dk\/wp-content\/uploads\/2024\/03\/IMG_3413-400x300.jpg 400w, https:\/\/mtskovservice.dk\/wp-content\/uploads\/2024\/03\/IMG_3413-600x450.jpg 600w, https:\/\/mtskovservice.dk\/wp-content\/uploads\/2024\/03\/IMG_3413-800x600.jpg 800w, https:\/\/mtskovservice.dk\/wp-content\/uploads\/2024\/03\/IMG_3413-1200x900.jpg 1200w, https:\/\/mtskovservice.dk\/wp-content\/uploads\/2024\/03\/IMG_3413-scaled.jpg 2560w\" sizes=\"auto, (min-width: 2200px) 100vw, (min-width: 1000px) 196px, (min-width: 928px) 235px, (min-width: 856px) 294px, (min-width: 784px) 392px, (min-width: 712px) 588px, (min-width: 640px) 712px, \" \/><\/a><\/div><\/div><div style=\"padding:5px;\" class=\"fusion-grid-column fusion-gallery-column fusion-gallery-column-6 hover-type-none\"><div class=\"fusion-gallery-image\"><a href=\"https:\/\/mtskovservice.dk\/wp-content\/uploads\/2024\/03\/IMG_3685-scaled.jpg\" rel=\"noreferrer\" data-rel=\"iLightbox[gallery_image_1]\" class=\"fusion-lightbox\" target=\"_self\"><img loading=\"lazy\" decoding=\"async\" src=\"https:\/\/mtskovservice.dk\/wp-content\/uploads\/2024\/03\/IMG_3685-scaled.jpg\" width=\"2560\" height=\"1920\" alt=\"\" title=\"IMG_3685\" aria-label=\"IMG_3685\" class=\"img-responsive wp-image-87\" srcset=\"https:\/\/mtskovservice.dk\/wp-content\/uploads\/2024\/03\/IMG_3685-200x150.jpg 200w, https:\/\/mtskovservice.dk\/wp-content\/uploads\/2024\/03\/IMG_3685-400x300.jpg 400w, https:\/\/mtskovservice.dk\/wp-content\/uploads\/2024\/03\/IMG_3685-600x450.jpg 600w, https:\/\/mtskovservice.dk\/wp-content\/uploads\/2024\/03\/IMG_3685-800x600.jpg 800w, https:\/\/mtskovservice.dk\/wp-content\/uploads\/2024\/03\/IMG_3685-1200x900.jpg 1200w, https:\/\/mtskovservice.dk\/wp-content\/uploads\/2024\/03\/IMG_3685-scaled.jpg 2560w\" sizes=\"auto, (min-width: 2200px) 100vw, (min-width: 1000px) 196px, (min-width: 928px) 235px, (min-width: 856px) 294px, (min-width: 784px) 392px, (min-width: 712px) 588px, (min-width: 640px) 712px, \" \/><\/a><\/div><\/div><\/div><div class=\"fusion-clearfix\"><\/div><\/div><\/div><\/div><\/div>\n","protected":false},"excerpt":{"rendered":"","protected":false},"author":2,"featured_media":0,"parent":0,"menu_order":0,"comment_status":"closed","ping_status":"closed","template":"","meta":{"footnotes":""},"class_list":["post-14","page","type-page","status-publish","hentry"],"_links":{"self":[{"href":"https:\/\/mtskovservice.dk\/index.php?rest_route=\/wp\/v2\/pages\/14","targetHints":{"allow":["GET"]}}],"collection":[{"href":"https:\/\/mtskovservice.dk\/index.php?rest_route=\/wp\/v2\/pages"}],"about":[{"href":"https:\/\/mtskovservice.dk\/index.php?rest_route=\/wp\/v2\/types\/page"}],"author":[{"embeddable":true,"href":"https:\/\/mtskovservice.dk\/index.php?rest_route=\/wp\/v2\/users\/2"}],"replies":[{"embeddable":true,"href":"https:\/\/mtskovservice.dk\/index.php?rest_route=%2Fwp%2Fv2%2Fcomments&post=14"}],"version-history":[{"count":3,"href":"https:\/\/mtskovservice.dk\/index.php?rest_route=\/wp\/v2\/pages\/14\/revisions"}],"predecessor-version":[{"id":161,"href":"https:\/\/mtskovservice.dk\/index.php?rest_route=\/wp\/v2\/pages\/14\/revisions\/161"}],"wp:attachment":[{"href":"https:\/\/mtskovservice.dk\/index.php?rest_route=%2Fwp%2Fv2%2Fmedia&parent=14"}],"curies":[{"name":"wp","href":"https:\/\/api.w.org\/{rel}","templated":true}]}}