{"id":10,"date":"2024-03-10T13:25:57","date_gmt":"2024-03-10T13:25:57","guid":{"rendered":"http:\/\/mtskovservice.dk\/?page_id=10"},"modified":"2024-03-10T13:36:42","modified_gmt":"2024-03-10T13:36:42","slug":"velkommen-til-mt-skovservice","status":"publish","type":"page","link":"https:\/\/mtskovservice.dk\/","title":{"rendered":"Home"},"content":{"rendered":"<h3>Velkommen til MT Skovservice<\/h3>\n<h3>Vi udf\u00f8rer<\/h3>\n<ul>\n<li>F\u00e6ldning af levende hegn, moser, udtynding, afdrift, rydning til byggeprojekter samt natur- og jagtprojekter<\/li>\n<li>Flishugning b\u00e5de i terr\u00e6n og fra stak<\/li>\n<li>Maskinskovning og udk\u00f8rsel samt h\u00e5ndskovning<\/li>\n<li>S\u00f8er og gr\u00f8fter og diverse anl\u00e6gsopgaver<\/li>\n<\/ul>\n<h3><em>Vi l\u00f8ser alle opgaver hurtigt og professionelt<\/em><\/h3>\n","protected":false},"excerpt":{"rendered":"<p>Velkommen til MT Skovservice Vi udf\u00f8rer F\u00e6ldning af levende hegn, [&hellip;]<\/p>\n","protected":false},"author":2,"featured_media":0,"parent":0,"menu_order":0,"comment_status":"closed","ping_status":"closed","template":"","meta":{"footnotes":""},"class_list":["post-10","page","type-page","status-publish","hentry"],"_links":{"self":[{"href":"https:\/\/mtskovservice.dk\/index.php?rest_route=\/wp\/v2\/pages\/10","targetHints":{"allow":["GET"]}}],"collection":[{"href":"https:\/\/mtskovservice.dk\/index.php?rest_route=\/wp\/v2\/pages"}],"about":[{"href":"https:\/\/mtskovservice.dk\/index.php?rest_route=\/wp\/v2\/types\/page"}],"author":[{"embeddable":true,"href":"https:\/\/mtskovservice.dk\/index.php?rest_route=\/wp\/v2\/users\/2"}],"replies":[{"embeddable":true,"href":"https:\/\/mtskovservice.dk\/index.php?rest_route=%2Fwp%2Fv2%2Fcomments&post=10"}],"version-history":[{"count":2,"href":"https:\/\/mtskovservice.dk\/index.php?rest_route=\/wp\/v2\/pages\/10\/revisions"}],"predecessor-version":[{"id":36,"href":"https:\/\/mtskovservice.dk\/index.php?rest_route=\/wp\/v2\/pages\/10\/revisions\/36"}],"wp:attachment":[{"href":"https:\/\/mtskovservice.dk\/index.php?rest_route=%2Fwp%2Fv2%2Fmedia&parent=10"}],"curies":[{"name":"wp","href":"https:\/\/api.w.org\/{rel}","templated":true}]}}